{"id":9,"date":"2026-02-12T21:55:59","date_gmt":"2026-02-12T21:55:59","guid":{"rendered":"https:\/\/naughty-ptolemy.157-90-105-12.plesk.page\/?page_id=9"},"modified":"2026-03-16T19:00:06","modified_gmt":"2026-03-16T19:00:06","slug":"sortimente","status":"publish","type":"page","link":"https:\/\/naughty-ptolemy.157-90-105-12.plesk.page\/index.php\/sortimente\/","title":{"rendered":"Sortimente"},"content":{"rendered":"\n<p><strong>Egal, ob f\u00fcr den Privatgebrauch, die Schule oder Ihr B\u00fcro. Bei uns finden Sie alles!<\/strong><\/p>\n\n\n\n<div class=\"wp-block-columns is-layout-flex wp-container-core-columns-is-layout-9d6595d7 wp-block-columns-is-layout-flex\">\n<div class=\"wp-block-column is-layout-flow wp-block-column-is-layout-flow\">\n<ul class=\"wp-block-list\">\n<li>Geschenkartikel f\u00fcr jeden Anlass<\/li>\n\n\n\n<li>Geschenkb\u00fccher<\/li>\n\n\n\n<li>Gl\u00fcckwunschkarten von Geburtstag bis Hochzeit<\/li>\n\n\n\n<li>Kalender<\/li>\n\n\n\n<li>Bastelartikel<\/li>\n\n\n\n<li>Mal- und Zeichenzubeh\u00f6r<\/li>\n\n\n\n<li>Dekoration<\/li>\n<\/ul>\n<\/div>\n\n\n\n<div class=\"wp-block-column is-layout-flow wp-block-column-is-layout-flow\">\n<ul class=\"wp-block-list\">\n<li>Ordner<\/li>\n\n\n\n<li>Kopierpapier<\/li>\n\n\n\n<li>Formulare und &#8211; Formularb\u00fccher<\/li>\n\n\n\n<li>Schreibtischzubeh\u00f6r<\/li>\n\n\n\n<li>Druckerpatronen<\/li>\n\n\n\n<li>Stempel<\/li>\n\n\n\n<li>Architekturbedarf<\/li>\n<\/ul>\n<\/div>\n<\/div>\n\n\n\n<div class=\"wp-block-columns is-layout-flex wp-container-core-columns-is-layout-9d6595d7 wp-block-columns-is-layout-flex\">\n<div class=\"wp-block-column is-layout-flow wp-block-column-is-layout-flow\">\n<p class=\"has-text-align-center\"><strong>Ein sch\u00f6nes Schreibger\u00e4t verr\u00e4t <\/strong><br><strong>Stil und Sinn f\u00fcr \u00c4sthetik<\/strong><\/p>\n\n\n\n<p>Bei uns erhalten Sie:<\/p>\n\n\n\n<ul class=\"wp-block-list\">\n<li>F\u00fcllhalter<\/li>\n\n\n\n<li>Rollerball<\/li>\n\n\n\n<li>Kugelschreiber<\/li>\n\n\n\n<li>Bunt- und Bleistifte<\/li>\n\n\n\n<li>Gelschreiber<\/li>\n\n\n\n<li>Fineliner<\/li>\n\n\n\n<li>Marker<\/li>\n<\/ul>\n<\/div>\n\n\n\n<div class=\"wp-block-column is-layout-flow wp-block-column-is-layout-flow\">\n<p class=\"has-text-align-center\"><strong>Damit Ihr Kind bestens ausger\u00fcstet<br>in den Schulalltag starten kann!<\/strong><\/p>\n\n\n\n<p>Alles rum um das Thema Schule:<\/p>\n\n\n\n<ul class=\"wp-block-list\">\n<li>Ranzen und M\u00e4ppchen<\/li>\n\n\n\n<li>Hefte<\/li>\n\n\n\n<li>B\u00fccher<\/li>\n\n\n\n<li>Lineale, Dreiecke, Zirkel<\/li>\n\n\n\n<li>Sch\u00fclerkalender<\/li>\n\n\n\n<li>&#8230;<\/li>\n<\/ul>\n<\/div>\n<\/div>\n\n\n\n<p class=\"has-text-align-center\"><strong>Was wir gerade nicht lagernd haben, bestellen wir sehr gerne f\u00fcr sie!<\/strong><\/p>\n\n\n\n<div class=\"wp-block-columns is-layout-flex wp-container-core-columns-is-layout-9d6595d7 wp-block-columns-is-layout-flex\">\n<div class=\"wp-block-column is-layout-flow wp-block-column-is-layout-flow\">\n<p>Schreibwaren Wetzlar<br>Gro\u00dfer Markt 13<br>56410 Montabaur<br><br>Tel.: (+49) 02602 \u00b7 3814<br>Fax: (+49) 02602 \u00b7 17753<br>Mail: info@schreibwaren-wetzlar.de<\/p>\n<\/div>\n\n\n\n<div class=\"wp-block-column is-layout-flow wp-block-column-is-layout-flow\">\n<p><strong>\u00d6ffnungszeiten<\/strong><br>Montag &#8211; Freitag 9.00 &#8211; 18.00 Uhr<br>Samstag 9.00 &#8211; 14.00 Uhr<br><\/p>\n<\/div>\n<\/div>\n","protected":false},"excerpt":{"rendered":"<p>Egal, ob f\u00fcr den Privatgebrauch, die Schule oder Ihr B\u00fcro. Bei uns finden Sie alles! Ein sch\u00f6nes Schreibger\u00e4t verr\u00e4t Stil und Sinn f\u00fcr \u00c4sthetik Bei uns erhalten Sie: Damit Ihr Kind bestens ausger\u00fcstetin den Schulalltag starten kann! Alles rum um&#8230; <a href=\"https:\/\/naughty-ptolemy.157-90-105-12.plesk.page\/index.php\/sortimente\/\" class=\"readmore\">Weiterlesen<span class=\"screen-reader-text\">Sortimente<\/span><span class=\"fa fa-angle-double-right\" aria-hidden=\"true\"><\/span><\/a><\/p>\n","protected":false},"author":1,"featured_media":0,"parent":0,"menu_order":0,"comment_status":"closed","ping_status":"closed","template":"","meta":{"footnotes":""},"class_list":["post-9","page","type-page","status-publish","hentry"],"_links":{"self":[{"href":"https:\/\/naughty-ptolemy.157-90-105-12.plesk.page\/index.php\/wp-json\/wp\/v2\/pages\/9","targetHints":{"allow":["GET"]}}],"collection":[{"href":"https:\/\/naughty-ptolemy.157-90-105-12.plesk.page\/index.php\/wp-json\/wp\/v2\/pages"}],"about":[{"href":"https:\/\/naughty-ptolemy.157-90-105-12.plesk.page\/index.php\/wp-json\/wp\/v2\/types\/page"}],"author":[{"embeddable":true,"href":"https:\/\/naughty-ptolemy.157-90-105-12.plesk.page\/index.php\/wp-json\/wp\/v2\/users\/1"}],"replies":[{"embeddable":true,"href":"https:\/\/naughty-ptolemy.157-90-105-12.plesk.page\/index.php\/wp-json\/wp\/v2\/comments?post=9"}],"version-history":[{"count":3,"href":"https:\/\/naughty-ptolemy.157-90-105-12.plesk.page\/index.php\/wp-json\/wp\/v2\/pages\/9\/revisions"}],"predecessor-version":[{"id":41,"href":"https:\/\/naughty-ptolemy.157-90-105-12.plesk.page\/index.php\/wp-json\/wp\/v2\/pages\/9\/revisions\/41"}],"wp:attachment":[{"href":"https:\/\/naughty-ptolemy.157-90-105-12.plesk.page\/index.php\/wp-json\/wp\/v2\/media?parent=9"}],"curies":[{"name":"wp","href":"https:\/\/api.w.org\/{rel}","templated":true}]}}