{"id":10,"date":"2026-02-12T21:55:59","date_gmt":"2026-02-12T21:55:59","guid":{"rendered":"https:\/\/naughty-ptolemy.157-90-105-12.plesk.page\/?page_id=10"},"modified":"2026-03-16T19:19:34","modified_gmt":"2026-03-16T19:19:34","slug":"services","status":"publish","type":"page","link":"https:\/\/naughty-ptolemy.157-90-105-12.plesk.page\/index.php\/services\/","title":{"rendered":"Services"},"content":{"rendered":"\n<p><strong>Ein Teil unserer Services f\u00fcr Sie einmal im \u00dcberblick:<\/strong><\/p>\n\n\n\n<div class=\"wp-block-columns is-layout-flex wp-container-core-columns-is-layout-9d6595d7 wp-block-columns-is-layout-flex\">\n<div class=\"wp-block-column is-layout-flow wp-block-column-is-layout-flow\">\n<ul class=\"wp-block-list\">\n<li>Geschenkgutscheine<\/li>\n\n\n\n<li>Geschenkverpackung<\/li>\n\n\n\n<li>Geburtstagstische<\/li>\n\n\n\n<li>Hochzeits-, Tauf- und Kommunionskerzen<\/li>\n\n\n\n<li>Zubeh\u00f6r f\u00fcr Festivit\u00e4ten<\/li>\n\n\n\n<li>Gravuren&#8230; ganz individuell nach Ihren W\u00fcnschen<\/li>\n<\/ul>\n<\/div>\n\n\n\n<div class=\"wp-block-column is-layout-flow wp-block-column-is-layout-flow\">\n<ul class=\"wp-block-list\">\n<li>Reparaturen<\/li>\n\n\n\n<li>Bewerbungsunterlagen<\/li>\n\n\n\n<li>Kopier- und Bindeservice<\/li>\n\n\n\n<li>Spezialbestellungen<\/li>\n\n\n\n<li>Stempelanfertigung<\/li>\n\n\n\n<li>Zusammenstellung Ihrer kompletten Schulmaterialliste<\/li>\n<\/ul>\n<\/div>\n<\/div>\n\n\n\n<div class=\"wp-block-columns is-layout-flex wp-container-core-columns-is-layout-9d6595d7 wp-block-columns-is-layout-flex\">\n<div class=\"wp-block-column is-layout-flow wp-block-column-is-layout-flow\">\n<p>Schreibwaren Wetzlar<br>Gro\u00dfer Markt 13<br>56410 Montabaur<br><br>Tel.: (+49) 02602 \u00b7 3814<br>Fax: (+49) 02602 \u00b7 17753<br>Mail: info@schreibwaren-wetzlar.de<\/p>\n<\/div>\n\n\n\n<div class=\"wp-block-column is-layout-flow wp-block-column-is-layout-flow\">\n<p><strong>\u00d6ffnungszeiten<\/strong><br>Montag &#8211; Freitag 9.00 &#8211; 18.00 Uhr<br>Samstag 9.00 &#8211; 14.00 Uhr<br><\/p>\n<\/div>\n<\/div>\n\n\n\n<p><\/p>\n","protected":false},"excerpt":{"rendered":"<p>Ein Teil unserer Services f\u00fcr Sie einmal im \u00dcberblick: Schreibwaren WetzlarGro\u00dfer Markt 1356410 Montabaur Tel.: (+49) 02602 \u00b7 3814Fax: (+49) 02602 \u00b7 17753Mail: info@schreibwaren-wetzlar.de \u00d6ffnungszeitenMontag &#8211; Freitag 9.00 &#8211; 18.00 UhrSamstag 9.00 &#8211; 14.00 Uhr<\/p>\n","protected":false},"author":1,"featured_media":0,"parent":0,"menu_order":0,"comment_status":"closed","ping_status":"closed","template":"","meta":{"footnotes":""},"class_list":["post-10","page","type-page","status-publish","hentry"],"_links":{"self":[{"href":"https:\/\/naughty-ptolemy.157-90-105-12.plesk.page\/index.php\/wp-json\/wp\/v2\/pages\/10","targetHints":{"allow":["GET"]}}],"collection":[{"href":"https:\/\/naughty-ptolemy.157-90-105-12.plesk.page\/index.php\/wp-json\/wp\/v2\/pages"}],"about":[{"href":"https:\/\/naughty-ptolemy.157-90-105-12.plesk.page\/index.php\/wp-json\/wp\/v2\/types\/page"}],"author":[{"embeddable":true,"href":"https:\/\/naughty-ptolemy.157-90-105-12.plesk.page\/index.php\/wp-json\/wp\/v2\/users\/1"}],"replies":[{"embeddable":true,"href":"https:\/\/naughty-ptolemy.157-90-105-12.plesk.page\/index.php\/wp-json\/wp\/v2\/comments?post=10"}],"version-history":[{"count":6,"href":"https:\/\/naughty-ptolemy.157-90-105-12.plesk.page\/index.php\/wp-json\/wp\/v2\/pages\/10\/revisions"}],"predecessor-version":[{"id":49,"href":"https:\/\/naughty-ptolemy.157-90-105-12.plesk.page\/index.php\/wp-json\/wp\/v2\/pages\/10\/revisions\/49"}],"wp:attachment":[{"href":"https:\/\/naughty-ptolemy.157-90-105-12.plesk.page\/index.php\/wp-json\/wp\/v2\/media?parent=10"}],"curies":[{"name":"wp","href":"https:\/\/api.w.org\/{rel}","templated":true}]}}